{"id":20,"date":"2025-08-21T19:14:07","date_gmt":"2025-08-21T19:14:07","guid":{"rendered":"https:\/\/mysecondbloom.org\/?page_id=20"},"modified":"2026-03-04T19:55:23","modified_gmt":"2026-03-04T19:55:23","slug":"home","status":"publish","type":"page","link":"https:\/\/mysecondbloom.org\/es\/","title":{"rendered":"Inicio"},"content":{"rendered":"<p>Sirviendo al oeste de Texas desde 2018.<\/p>\n<p>Misi\u00f3n: empoderar a las mujeres para que reconstruyan, redescubran y alcancen su m\u00e1ximo potencial a trav\u00e9s de servicios intencionales y apoyo compasivo.<\/p>\n<p>Vision: to see women rise from adversity into lives of strength, purpose, and wellness.<\/p>\n\t\t\t<a href=\"https:\/\/mysecondbloom.org\/es\/about\/\"  target=\"_self\">\n\t\t\t\t\t\tAcerca de nosotros\n\t\t\t\t\t<\/a>\n\t\t\t<a href=\"https:\/\/mysecondbloom.org\/es\/services\/\"  target=\"_self\">\n\t\t\t\t\t\tServicios\n\t\t\t\t\t<\/a>\n\t\t\t<a href=\"https:\/\/mysecondbloom.org\/es\/testimonials\/\"  target=\"_self\">\n\t\t\t\t\t\tComparte tu historia\n\t\t\t\t\t<\/a>\n\t\t\t<a href=\"https:\/\/mysecondbloom.org\/es\/bod\/\"  target=\"_self\">\n\t\t\t\t\t\tJoin our Board\n\t\t\t\t\t<\/a>\n\t\t\t<a href=\"https:\/\/mysecondbloom.org\/es\/donate\/\"  target=\"_self\">\n\t\t\t\t\t\tRetribuir\n\t\t\t\t\t<\/a>\n\t\t\t<a href=\"https:\/\/mysecondbloom.org\/es\/contact\/\"  target=\"_self\">\n\t\t\t\t\t\tSomos sociales\n\t\t\t\t\t<\/a>","protected":false},"excerpt":{"rendered":"<p>Serving West Texas since 2018. Mission: to empower women to rebuild, rediscover, and bloom into their fullest potential through intentional services and compassionate support. Vision: to see women rise from adversity into lives of strength, purpose, and wellness. About Us Services Share your Story Join our Board Give Back We&#8217;re Social<\/p>","protected":false},"author":1,"featured_media":0,"parent":0,"menu_order":0,"comment_status":"closed","ping_status":"closed","template":"","meta":{"footnotes":""},"class_list":["post-20","page","type-page","status-publish","hentry"],"_links":{"self":[{"href":"https:\/\/mysecondbloom.org\/es\/wp-json\/wp\/v2\/pages\/20","targetHints":{"allow":["GET"]}}],"collection":[{"href":"https:\/\/mysecondbloom.org\/es\/wp-json\/wp\/v2\/pages"}],"about":[{"href":"https:\/\/mysecondbloom.org\/es\/wp-json\/wp\/v2\/types\/page"}],"author":[{"embeddable":true,"href":"https:\/\/mysecondbloom.org\/es\/wp-json\/wp\/v2\/users\/1"}],"replies":[{"embeddable":true,"href":"https:\/\/mysecondbloom.org\/es\/wp-json\/wp\/v2\/comments?post=20"}],"version-history":[{"count":11,"href":"https:\/\/mysecondbloom.org\/es\/wp-json\/wp\/v2\/pages\/20\/revisions"}],"predecessor-version":[{"id":497,"href":"https:\/\/mysecondbloom.org\/es\/wp-json\/wp\/v2\/pages\/20\/revisions\/497"}],"wp:attachment":[{"href":"https:\/\/mysecondbloom.org\/es\/wp-json\/wp\/v2\/media?parent=20"}],"curies":[{"name":"wp","href":"https:\/\/api.w.org\/{rel}","templated":true}]}}